{"id":3,"date":"2024-02-22T13:04:21","date_gmt":"2024-02-22T13:04:21","guid":{"rendered":"https:\/\/darbine.nytt.lt\/?page_id=3"},"modified":"2024-04-26T10:41:05","modified_gmt":"2024-04-26T10:41:05","slug":"privatumo-politika","status":"publish","type":"page","link":"https:\/\/darbine.nytt.lt\/en\/privatumo-politika\/","title":{"rendered":"Privacy policy"},"content":{"rendered":"<div data-elementor-type=\"wp-page\" data-elementor-id=\"3\" class=\"elementor elementor-3\" data-elementor-post-type=\"page\">\n\t\t\t\t<div class=\"elementor-element elementor-element-9e98c4e e-flex e-con-boxed e-con e-parent\" data-id=\"9e98c4e\" data-element_type=\"container\">\n\t\t\t\t\t<div class=\"e-con-inner\">\n\t\t<div class=\"elementor-element elementor-element-c550800 e-flex e-con-boxed e-con e-child\" data-id=\"c550800\" data-element_type=\"container\" data-no-translation=\"\">\n\t\t\t\t\t<div class=\"e-con-inner\">\n\t\t\t\t<div class=\"elementor-element elementor-element-a2876a4 elementor-widget elementor-widget-text-editor\" data-id=\"a2876a4\" data-element_type=\"widget\" data-widget_type=\"text-editor.default\">\n\t\t\t\t<div class=\"elementor-widget-container\">\n\t\t\t\t\t\t\t<p><b>Who we are<\/b><\/p><p><b><br \/><\/b><span style=\"font-weight: 400;\">Details of the data controller:<\/span><span style=\"font-weight: 400;\"><br \/><\/span><span style=\"font-weight: 400;\">Studija &#8222;nytt&#8221;, MB<\/span><span style=\"font-weight: 400;\"><br \/><\/span><span style=\"font-weight: 400;\">Company code: 305954627<\/span><span style=\"font-weight: 400;\"><br \/><\/span><span style=\"font-weight: 400;\">Director: Ignas Lesauskas<\/span><span style=\"font-weight: 400;\"><br \/><\/span><span style=\"font-weight: 400;\">Address: Nepriklausomyb\u0117s g. 18A-8, LT-86177 Kelm\u0117<\/span> <span style=\"font-weight: 400;\">Phone: +370 672 87910<\/span><span style=\"font-weight: 400;\"><br \/><\/span><span style=\"font-weight: 400;\">Email: ignas@nytt.lt<\/span><\/p><p><b>What personal data do we collect and why do we do it<\/b><\/p><p><i><span style=\"font-weight: 400;\">Contact forms<\/span><\/i><i><span style=\"font-weight: 400;\"><br \/><\/span><\/i><span style=\"font-weight: 400;\">When visitors fill out the contact form on the <\/span><b>Contact Us <\/b><span style=\"font-weight: 400;\">page we collect the following visitor data: user name and surname, email and phone number. We collect this data in order to respond to the request left by the visitor.<\/span><\/p><p>\u00a0<\/p><p><b>Cookies<\/b><\/p><p><i><span style=\"font-weight: 400;\">What are cookies and how do they work?<\/span><\/i><i><span style=\"font-weight: 400;\"><br \/><\/span><\/i><span style=\"font-weight: 400;\">The website uses cookies. Cookies are text files that, with your consent, are saved in the browser of a device (e.g. computer, mobile phone, tablet) when you browse the website and collect information about your browsing.<\/span><\/p><p><span style=\"font-weight: 400;\">When you visit the website for the first time, cookies are transferred to your computer and are later used to distinguish your computer from other computers, they ensure a more convenient use of the website and allow us to improve the website. This is a common practice of browsing websites, which facilitates browsing on your already visited website and simplifies access to published information.<\/span><\/p><p>\u00a0<\/p><p><b>Content loaded from other web pages<\/b><b><br \/><\/b><span style=\"font-weight: 400;\">This website may contain content uploaded from other websites (for example, videos, images, text, etc.). Viewing and interacting with such uploaded content on this website is equivalent to visiting the websites from which the content is uploaded.<\/span><\/p><p><span style=\"font-weight: 400;\">These websites may collect data about you, use cookies, third-party tracking services and monitor your actions with uploaded content, including when you have an account and are connected to the aforementioned websites.<\/span><\/p><p>\u00a0<\/p><p><b>Statistics<\/b><b><br \/><\/b><span style=\"font-weight: 400;\">We use Google Analytics to measure the performance of our website (see <\/span><a href=\"https:\/\/marketingplatform.google.com\/about\/analytics\/terms\/lt\/\"><span style=\"font-weight: 400;\">Google Analytics Terms of Service<\/span><\/a><span style=\"font-weight: 400;\">).<\/span><\/p><p>\u00a0<\/p><p><b>With whom we share your data<\/b><b><br \/><\/b><span style=\"font-weight: 400;\">We share your data with:<\/span><\/p><ul><li style=\"font-weight: 400;\" aria-level=\"1\"><span style=\"font-weight: 400;\">Studija &#8222;nytt&#8221;, MB employees who administer the website;<\/span><\/li><li style=\"font-weight: 400;\" aria-level=\"1\"><span style=\"font-weight: 400;\">website hosting service providers;<\/span><\/li><li style=\"font-weight: 400;\" aria-level=\"1\"><span style=\"font-weight: 400;\">website analytics service provider Google LLC (United States of America) to the extent necessary for website data analytics purposes. Google LLC is included in the list of participants of the EU and US Privacy Shield system, which confirms that this provider adequately complies with the data protection standards required by the EU.<\/span><\/li><\/ul><p>\u00a0<\/p><p><b>How long we store your data<\/b><b><br \/><\/b><span style=\"font-weight: 400;\">Statistical information collected with the help of Google Analytics tools and other cookies is usually used for up to 2 years.<\/span><\/p><p><span style=\"font-weight: 400;\">If you write a comment, its text and metadata are stored indefinitely. This is so that we can recognize and approve future comments automatically, instead of admin approval.<\/span><\/p><p><span style=\"font-weight: 400;\">When you register on our website and become a user, we store all your personal data that you provide in your account. Every user can see, edit and delete their personal data at any time (except username). Website administrators can also view and edit this data.<\/span><\/p><p>\u00a0<\/p><p><b>Your rights<\/b><b><br \/><\/b><span style=\"font-weight: 400;\">The data subject whose data is processed in the activities of the Data Controller has the following rights:<\/span><span style=\"font-weight: 400;\"><br \/><\/span><span style=\"font-weight: 400;\">\u00b7 Know (be informed) about the processing of your data (right to know);<\/span><span style=\"font-weight: 400;\"><br \/><\/span><span style=\"font-weight: 400;\">\u00b7 Get to know your data and how it is processed (right to access);<\/span><span style=\"font-weight: 400;\"><br \/><\/span><span style=\"font-weight: 400;\">\u00b7 Demand correction or, taking into account the purposes of personal data processing, to supplement incomplete personal data of a person (right to correction);<\/span><span style=\"font-weight: 400;\"><br \/><\/span><span style=\"font-weight: 400;\">\u00b7 Destroy your data or suspend your data processing actions (except for storage) (right to destruction and right to be forgotten);<\/span><span style=\"font-weight: 400;\"><br \/><\/span><span style=\"font-weight: 400;\">\u00b7 Has the right to demand that the Personal Data Controller restricts the processing of personal data for one of the legitimate reasons (right to restriction);<\/span><span style=\"font-weight: 400;\"><br \/><\/span><span style=\"font-weight: 400;\">\u00b7 Has the right to transfer data (right to transfer);<\/span><span style=\"font-weight: 400;\"><br \/><\/span><span style=\"font-weight: 400;\">\u00b7 Opt out to the processing of personal data when this data is processed or intended to be processed for the purposes of direct marketing, including profiling as far as it relates to such direct marketing.<\/span><\/p><p><span style=\"font-weight: 400;\">If you no longer want your personal data to be processed for the purpose of direct marketing, including profiling, you can contact the contacts listed on the Contact Us page to object to your personal data being processed for the purpose of direct marketing and\/or not to apply only automated , including profiling**, the processing of your personal data without indicating the reasons for objection.<\/span><\/p><p><span style=\"font-weight: 400;\">**According to the personal data provided by you, for the purpose of direct marketing, profiling of your personal data may be carried out in order to offer you individually tailored solutions and offers. You can withdraw your consent to the automated processing of your personal data, including profiling, or object to it at any time.<\/span><\/p><p><span style=\"font-weight: 400;\">The Data Subject has the right to submit any request or instruction related to the processing of personal data to the Data Controller through the contacts indicated on the page Contact Us page.<\/span><\/p><p><span style=\"font-weight: 400;\">Upon receiving such a request or instruction, the data controller shall, no later than within one month from the date of the request, provide a response and perform the actions specified in the request or refuse to perform them. If necessary, the specified period can be extended by another two months, taking into account the complexity of the requests and<\/span><span style=\"font-weight: 400;\"><br \/><\/span><span style=\"font-weight: 400;\">the number In this case, within one month from the date of receipt of the request, the Data Controller shall inform the Data Subject of such extension, together with the reasons for the delay.<\/span><\/p><p><span style=\"font-weight: 400;\">The data controller may not create the conditions for data subjects to exercise the rights listed above, with the exception of the refusal to process personal data by means of direct marketing, when, in cases provided for by law, it is necessary to ensure the prevention, investigation and investigation of crimes, violations of official or professional ethics<\/span><span style=\"font-weight: 400;\"><br \/><\/span><span style=\"font-weight: 400;\">determination, as well as the protection of the rights and freedoms of the data subject or other persons.<\/span><\/p><p><b>Where we send your data<\/b><b><br \/><\/b><span style=\"font-weight: 400;\">Visitor comments can be screened using an automated spam detection service.<\/span><\/p><p>\u00a0<\/p><p><b>Contact Information<\/b><b><br \/><\/b><span style=\"font-weight: 400;\">Studija &#8222;nytt&#8221;, MB<\/span><span style=\"font-weight: 400;\"><br \/><\/span><span style=\"font-weight: 400;\">Company code: 305954627<\/span><span style=\"font-weight: 400;\"><br \/><\/span><span style=\"font-weight: 400;\">Director: Ignas Lesauskas<\/span><span style=\"font-weight: 400;\"><br \/><\/span><span style=\"font-weight: 400;\">Address: Nepriklausomyb\u0117s g. 18A-8, LT-86177 Kelm\u0117<\/span> <span style=\"font-weight: 400;\">Phone: +370 672 87910<\/span><span style=\"font-weight: 400;\"><br \/><\/span><span style=\"font-weight: 400;\">Email: ignas@nytt.lt<\/span><\/p><p>\u00a0<\/p><p><b>How we protect your data<\/b><b><br \/><\/b><span style=\"font-weight: 400;\">We take appropriate technical and organizational measures (data encryption, security measures against unauthorized access to this website (e.g. two-factor authentication), staff training in the field of data protection) to ensure the protection of all data against accidental or unlawful destruction, accidental loss , alteration, disclosure and other unauthorized forms of processing.<\/span><\/p><p>\u00a0<\/p><p><b>What data protection procedures we use<\/b><b><br \/><\/b><span style=\"font-weight: 400;\">Data encryption, security measures to prevent unauthorized access to the website, staff training in the field of data protection.<\/span><\/p><p>\u00a0<\/p><p><b>What third parties we receive data from<\/b><b><br \/><\/b><span style=\"font-weight: 400;\">We do not receive data from third parties.<\/span><\/p><p><br \/><br \/><\/p>\t\t\t\t\t\t<\/div>\n\t\t\t\t<\/div>\n\t\t\t\t\t<\/div>\n\t\t\t\t<\/div>\n\t\t\t\t\t<\/div>\n\t\t\t\t<\/div>\n\t\t\t\t<\/div>","protected":false},"excerpt":{"rendered":"<p>Kas mes esameDuomen\u0173 valdytojo rekvizitai:Studija &#8222;nytt&#8221;, MB \u012emon\u0117s kodas: 305954627Direktorius: Ignas LesauskasAdresas: Nepriklausomyb\u0117s g. 18A-8, LT-86177 Kelm\u0117 Telefonas: +370 672 87910El. pa\u0161tas: ignas@nytt.lt \u00a0 Kokius asmeninius duomenis mes renkame ir kod\u0117l tai darome Kontakt\u0173 formosKai lankytojai u\u017epildo kontakt\u0173 form\u0105 esan\u010di\u0105 puslapyje Susisiekti mes renkame \u0161iuos lankytojo duomenis: vartotojo vardas ir pavard\u0117, el. pa\u0161tas. \u0160iuos duomenis [&hellip;]<\/p>","protected":false},"author":1,"featured_media":0,"parent":0,"menu_order":0,"comment_status":"closed","ping_status":"closed","template":"","meta":{"_acf_changed":false,"footnotes":""},"blocksy_meta":[],"acf":[],"yoast_head":"<!-- This site is optimized with the Yoast SEO plugin v22.6 - https:\/\/yoast.com\/wordpress\/plugins\/seo\/ -->\n<title>Privatumo politika - Nyyt<\/title>\n<meta name=\"robots\" content=\"noindex, follow, max-snippet:-1, max-image-preview:large, max-video-preview:-1\" \/>\n<meta property=\"og:locale\" content=\"en_US\" \/>\n<meta property=\"og:type\" content=\"article\" \/>\n<meta property=\"og:title\" content=\"Privatumo politika - Nyyt\" \/>\n<meta property=\"og:description\" content=\"Kas mes esameDuomen\u0173 valdytojo rekvizitai:Studija &#8222;nytt&#8221;, MB \u012emon\u0117s kodas: 305954627Direktorius: Ignas LesauskasAdresas: Nepriklausomyb\u0117s g. 18A-8, LT-86177 Kelm\u0117 Telefonas: +370 672 87910El. pa\u0161tas: ignas@nytt.lt \u00a0 Kokius asmeninius duomenis mes renkame ir kod\u0117l tai darome Kontakt\u0173 formosKai lankytojai u\u017epildo kontakt\u0173 form\u0105 esan\u010di\u0105 puslapyje Susisiekti mes renkame \u0161iuos lankytojo duomenis: vartotojo vardas ir pavard\u0117, el. pa\u0161tas. \u0160iuos duomenis [&hellip;]\" \/>\n<meta property=\"og:url\" content=\"https:\/\/darbine.nytt.lt\/en\/privatumo-politika\/\" \/>\n<meta property=\"og:site_name\" content=\"Nyyt\" \/>\n<meta property=\"article:publisher\" content=\"https:\/\/www.facebook.com\/nytt.architects\" \/>\n<meta property=\"article:modified_time\" content=\"2024-04-26T10:41:05+00:00\" \/>\n<meta name=\"twitter:card\" content=\"summary_large_image\" \/>\n<meta name=\"twitter:label1\" content=\"Est. reading time\" \/>\n\t<meta name=\"twitter:data1\" content=\"10 minutes\" \/>\n<script type=\"application\/ld+json\" class=\"yoast-schema-graph\">{\"@context\":\"https:\/\/schema.org\",\"@graph\":[{\"@type\":\"WebPage\",\"@id\":\"https:\/\/darbine.nytt.lt\/privatumo-politika\/\",\"url\":\"https:\/\/darbine.nytt.lt\/privatumo-politika\/\",\"name\":\"Privatumo politika - Nyyt\",\"isPartOf\":{\"@id\":\"https:\/\/darbine.nytt.lt\/#website\"},\"datePublished\":\"2024-02-22T13:04:21+00:00\",\"dateModified\":\"2024-04-26T10:41:05+00:00\",\"breadcrumb\":{\"@id\":\"https:\/\/darbine.nytt.lt\/privatumo-politika\/#breadcrumb\"},\"inLanguage\":\"en-US\",\"potentialAction\":[{\"@type\":\"ReadAction\",\"target\":[\"https:\/\/darbine.nytt.lt\/privatumo-politika\/\"]}]},{\"@type\":\"BreadcrumbList\",\"@id\":\"https:\/\/darbine.nytt.lt\/privatumo-politika\/#breadcrumb\",\"itemListElement\":[{\"@type\":\"ListItem\",\"position\":1,\"name\":\"Home\",\"item\":\"https:\/\/darbine.nytt.lt\/\"},{\"@type\":\"ListItem\",\"position\":2,\"name\":\"Privatumo politika\"}]},{\"@type\":\"WebSite\",\"@id\":\"https:\/\/darbine.nytt.lt\/#website\",\"url\":\"https:\/\/darbine.nytt.lt\/\",\"name\":\"Nyyt\",\"description\":\"\",\"publisher\":{\"@id\":\"https:\/\/darbine.nytt.lt\/#organization\"},\"potentialAction\":[{\"@type\":\"SearchAction\",\"target\":{\"@type\":\"EntryPoint\",\"urlTemplate\":\"https:\/\/darbine.nytt.lt\/?s={search_term_string}\"},\"query-input\":\"required name=search_term_string\"}],\"inLanguage\":\"en-US\"},{\"@type\":\"Organization\",\"@id\":\"https:\/\/darbine.nytt.lt\/#organization\",\"name\":\"Nyyt\",\"url\":\"https:\/\/darbine.nytt.lt\/\",\"logo\":{\"@type\":\"ImageObject\",\"inLanguage\":\"en-US\",\"@id\":\"https:\/\/darbine.nytt.lt\/#\/schema\/logo\/image\/\",\"url\":\"https:\/\/darbine.nytt.lt\/wp-content\/uploads\/2024\/04\/NYTT-NAUJAS-emailai-1.svg\",\"contentUrl\":\"https:\/\/darbine.nytt.lt\/wp-content\/uploads\/2024\/04\/NYTT-NAUJAS-emailai-1.svg\",\"width\":91,\"height\":48,\"caption\":\"Nyyt\"},\"image\":{\"@id\":\"https:\/\/darbine.nytt.lt\/#\/schema\/logo\/image\/\"},\"sameAs\":[\"https:\/\/www.facebook.com\/nytt.architects\",\"https:\/\/www.linkedin.com\/company\/nytt-architects\/\",\"https:\/\/www.instagram.com\/nytt.architects\/\"]}]}<\/script>\n<!-- \/ Yoast SEO plugin. -->","yoast_head_json":{"title":"Privatumo politika - Nyyt","robots":{"index":"noindex","follow":"follow","max-snippet":"max-snippet:-1","max-image-preview":"max-image-preview:large","max-video-preview":"max-video-preview:-1"},"og_locale":"en_US","og_type":"article","og_title":"Privatumo politika - Nyyt","og_description":"Kas mes esameDuomen\u0173 valdytojo rekvizitai:Studija &#8222;nytt&#8221;, MB \u012emon\u0117s kodas: 305954627Direktorius: Ignas LesauskasAdresas: Nepriklausomyb\u0117s g. 18A-8, LT-86177 Kelm\u0117 Telefonas: +370 672 87910El. pa\u0161tas: ignas@nytt.lt \u00a0 Kokius asmeninius duomenis mes renkame ir kod\u0117l tai darome Kontakt\u0173 formosKai lankytojai u\u017epildo kontakt\u0173 form\u0105 esan\u010di\u0105 puslapyje Susisiekti mes renkame \u0161iuos lankytojo duomenis: vartotojo vardas ir pavard\u0117, el. pa\u0161tas. \u0160iuos duomenis [&hellip;]","og_url":"https:\/\/darbine.nytt.lt\/en\/privatumo-politika\/","og_site_name":"Nyyt","article_publisher":"https:\/\/www.facebook.com\/nytt.architects","article_modified_time":"2024-04-26T10:41:05+00:00","twitter_card":"summary_large_image","twitter_misc":{"Est. reading time":"10 minutes"},"schema":{"@context":"https:\/\/schema.org","@graph":[{"@type":"WebPage","@id":"https:\/\/darbine.nytt.lt\/privatumo-politika\/","url":"https:\/\/darbine.nytt.lt\/privatumo-politika\/","name":"Privatumo politika - Nyyt","isPartOf":{"@id":"https:\/\/darbine.nytt.lt\/#website"},"datePublished":"2024-02-22T13:04:21+00:00","dateModified":"2024-04-26T10:41:05+00:00","breadcrumb":{"@id":"https:\/\/darbine.nytt.lt\/privatumo-politika\/#breadcrumb"},"inLanguage":"en-US","potentialAction":[{"@type":"ReadAction","target":["https:\/\/darbine.nytt.lt\/privatumo-politika\/"]}]},{"@type":"BreadcrumbList","@id":"https:\/\/darbine.nytt.lt\/privatumo-politika\/#breadcrumb","itemListElement":[{"@type":"ListItem","position":1,"name":"Home","item":"https:\/\/darbine.nytt.lt\/"},{"@type":"ListItem","position":2,"name":"Privatumo politika"}]},{"@type":"WebSite","@id":"https:\/\/darbine.nytt.lt\/#website","url":"https:\/\/darbine.nytt.lt\/","name":"Nyyt","description":"","publisher":{"@id":"https:\/\/darbine.nytt.lt\/#organization"},"potentialAction":[{"@type":"SearchAction","target":{"@type":"EntryPoint","urlTemplate":"https:\/\/darbine.nytt.lt\/?s={search_term_string}"},"query-input":"required name=search_term_string"}],"inLanguage":"en-US"},{"@type":"Organization","@id":"https:\/\/darbine.nytt.lt\/#organization","name":"Nyyt","url":"https:\/\/darbine.nytt.lt\/","logo":{"@type":"ImageObject","inLanguage":"en-US","@id":"https:\/\/darbine.nytt.lt\/#\/schema\/logo\/image\/","url":"https:\/\/darbine.nytt.lt\/wp-content\/uploads\/2024\/04\/NYTT-NAUJAS-emailai-1.svg","contentUrl":"https:\/\/darbine.nytt.lt\/wp-content\/uploads\/2024\/04\/NYTT-NAUJAS-emailai-1.svg","width":91,"height":48,"caption":"Nyyt"},"image":{"@id":"https:\/\/darbine.nytt.lt\/#\/schema\/logo\/image\/"},"sameAs":["https:\/\/www.facebook.com\/nytt.architects","https:\/\/www.linkedin.com\/company\/nytt-architects\/","https:\/\/www.instagram.com\/nytt.architects\/"]}]}},"_links":{"self":[{"href":"https:\/\/darbine.nytt.lt\/en\/wp-json\/wp\/v2\/pages\/3"}],"collection":[{"href":"https:\/\/darbine.nytt.lt\/en\/wp-json\/wp\/v2\/pages"}],"about":[{"href":"https:\/\/darbine.nytt.lt\/en\/wp-json\/wp\/v2\/types\/page"}],"author":[{"embeddable":true,"href":"https:\/\/darbine.nytt.lt\/en\/wp-json\/wp\/v2\/users\/1"}],"replies":[{"embeddable":true,"href":"https:\/\/darbine.nytt.lt\/en\/wp-json\/wp\/v2\/comments?post=3"}],"version-history":[{"count":5,"href":"https:\/\/darbine.nytt.lt\/en\/wp-json\/wp\/v2\/pages\/3\/revisions"}],"predecessor-version":[{"id":2111,"href":"https:\/\/darbine.nytt.lt\/en\/wp-json\/wp\/v2\/pages\/3\/revisions\/2111"}],"wp:attachment":[{"href":"https:\/\/darbine.nytt.lt\/en\/wp-json\/wp\/v2\/media?parent=3"}],"curies":[{"name":"wp","href":"https:\/\/api.w.org\/{rel}","templated":true}]}}