{"id":53,"date":"2024-02-24T16:49:44","date_gmt":"2024-02-24T16:49:44","guid":{"rendered":"https:\/\/darbine.nytt.lt\/?page_id=53"},"modified":"2024-04-24T10:21:32","modified_gmt":"2024-04-24T10:21:32","slug":"kontaktai","status":"publish","type":"page","link":"https:\/\/darbine.nytt.lt\/en\/kontaktai\/","title":{"rendered":"Contact Us"},"content":{"rendered":"<div data-elementor-type=\"wp-page\" data-elementor-id=\"53\" class=\"elementor elementor-53\" data-elementor-post-type=\"page\">\n\t\t\t\t<div class=\"elementor-element elementor-element-231629c e-con-full e-flex e-con e-parent\" data-id=\"231629c\" data-element_type=\"container\">\n\t\t<div class=\"elementor-element elementor-element-bbd98e1 e-con-full e-flex e-con e-child\" data-id=\"bbd98e1\" data-element_type=\"container\" data-settings=\"{&quot;background_background&quot;:&quot;classic&quot;}\">\n\t\t\t\t<\/div>\n\t\t<div class=\"elementor-element elementor-element-63cc05f e-con-full e-flex e-con e-child\" data-id=\"63cc05f\" data-element_type=\"container\">\n\t\t<div class=\"elementor-element elementor-element-9425261 e-flex e-con-boxed e-con e-child\" data-id=\"9425261\" data-element_type=\"container\">\n\t\t\t\t\t<div class=\"e-con-inner\">\n\t\t\t\t<div class=\"elementor-element elementor-element-891359b elementor-widget elementor-widget-heading\" data-id=\"891359b\" data-element_type=\"widget\" data-widget_type=\"heading.default\">\n\t\t\t\t<div class=\"elementor-widget-container\">\n\t\t\t<style>\/*! elementor - v3.21.0 - 25-04-2024 *\/\n.elementor-heading-title{padding:0;margin:0;line-height:1}.elementor-widget-heading .elementor-heading-title[class*=elementor-size-]>a{color:inherit;font-size:inherit;line-height:inherit}.elementor-widget-heading .elementor-heading-title.elementor-size-small{font-size:15px}.elementor-widget-heading .elementor-heading-title.elementor-size-medium{font-size:19px}.elementor-widget-heading .elementor-heading-title.elementor-size-large{font-size:29px}.elementor-widget-heading .elementor-heading-title.elementor-size-xl{font-size:39px}.elementor-widget-heading .elementor-heading-title.elementor-size-xxl{font-size:59px}<\/style><h2 class=\"elementor-heading-title elementor-size-default\">Your vision is important to us! \nWe hope to create something memorable together.<\/h2>\t\t<\/div>\n\t\t\t\t<\/div>\n\t\t\t\t<div class=\"elementor-element elementor-element-cc2b598 elementor-widget elementor-widget-text-editor\" data-id=\"cc2b598\" data-element_type=\"widget\" data-widget_type=\"text-editor.default\">\n\t\t\t\t<div class=\"elementor-widget-container\">\n\t\t\t<style>\/*! elementor - v3.21.0 - 25-04-2024 *\/\n.elementor-widget-text-editor.elementor-drop-cap-view-stacked .elementor-drop-cap{background-color:#69727d;color:#fff}.elementor-widget-text-editor.elementor-drop-cap-view-framed .elementor-drop-cap{color:#69727d;border:3px solid;background-color:transparent}.elementor-widget-text-editor:not(.elementor-drop-cap-view-default) .elementor-drop-cap{margin-top:8px}.elementor-widget-text-editor:not(.elementor-drop-cap-view-default) .elementor-drop-cap-letter{width:1em;height:1em}.elementor-widget-text-editor .elementor-drop-cap{float:left;text-align:center;line-height:1;font-size:50px}.elementor-widget-text-editor .elementor-drop-cap-letter{display:inline-block}<\/style>\t\t\t\t<p><span style=\"font-weight: 400;\">Let's get in touch! hi@nytt.lt<\/span><\/p>\t\t\t\t\t\t<\/div>\n\t\t\t\t<\/div>\n\t\t\t\t<div class=\"elementor-element elementor-element-97aa134 elementor-widget__width-inherit elementor-widget elementor-widget-shortcode\" data-id=\"97aa134\" data-element_type=\"widget\" data-widget_type=\"shortcode.default\">\n\t\t\t\t<div class=\"elementor-widget-container\">\n\t\t\t\t\t<div class=\"elementor-shortcode\"><div class='fluentform ff-default fluentform_wrapper_3 ffs_default_wrap'><form data-form_id=\"3\" id=\"fluentform_3\" class=\"frm-fluent-form fluent_form_3 ff-el-form-top ff_form_instance_3_1 ff-form-loading ffs_default\" data-form_instance=\"ff_form_instance_3_1\" method=\"POST\" action=\"\" ><fieldset  style=\"border: none!important;margin: 0!important;padding: 0!important;background-color: transparent!important;box-shadow: none!important;outline: none!important; min-inline-size: 100%;\">\n                    <legend class=\"ff_screen_reader_title\" style=\"display: block; margin: 0!important;padding: 0!important;height: 0!important;text-indent: -999999px;width: 0!important;overflow:hidden;\">susisiekti kontaktu puslapyje<\/legend><input type='hidden' name='__fluent_form_embded_post_id' value='53' \/><input type=\"hidden\" id=\"_fluentform_3_fluentformnonce\" name=\"_fluentform_3_fluentformnonce\" value=\"59916710e7\" \/><input type=\"hidden\" name=\"_wp_http_referer\" value=\"\/en\/wp-json\/wp\/v2\/pages\/53\" \/><div data-type=\"name-element\" data-name=\"names\" class=\"ff-field_container ff-name-field-wrapper\" ><div class='ff-t-container'><div class='ff-t-cell'><div class='ff-el-group  ff-el-form-top'><div class=\"ff-el-input--label asterisk-right\"><label for='ff_3_names_first_name_' aria-label=\"Full name\">Full name<\/label><\/div><div class='ff-el-input--content'><input type=\"text\" name=\"names[first_name]\" id=\"ff_3_names_first_name_\" class=\"ff-el-form-control\" placeholder=\"Full name\" aria-invalid=\"false\" aria-required=\"false\"><\/div><\/div><\/div><\/div><\/div><div class='ff-el-group'><div class=\"ff-el-input--label asterisk-right\"><label for='ff_3_email' aria-label=\"Email\">Email<\/label><\/div><div class='ff-el-input--content'><input type=\"email\" name=\"email\" id=\"ff_3_email\" class=\"ff-el-form-control\" placeholder=\"you@company.com\" data-name=\"email\"  aria-invalid=\"false\" aria-required=\"false\"><\/div><\/div><div class='ff-el-group'><div class=\"ff-el-input--label asterisk-right\"><label for='ff_3_numeric-field' aria-label=\"Phone number\">Phone number<\/label><\/div><div class='ff-el-input--content'><input type=\"number\" name=\"numeric-field\" id=\"ff_3_numeric-field\" class=\"ff-el-form-control\" placeholder=\"+370 (555) 000-0000\" data-name=\"numeric-field\" inputmode=\"numeric\" step=\"any\"  aria-invalid=\"false\" aria-required=\"false\"><\/div><\/div><div class='ff-el-group'><div class=\"ff-el-input--label asterisk-right\"><label for='ff_3_description' aria-label=\"Message\">Message<\/label><\/div><div class='ff-el-input--content'><textarea aria-invalid=\"false\" aria-required=\"false\" name=\"description\" id=\"ff_3_description\" class=\"ff-el-form-control\" placeholder=\"Leave us a message...\" rows=\"6\" cols=\"2\" data-name=\"description\" ><\/textarea><\/div><\/div><div class='ff-el-group  ff-custom_html .paslaugoslist' data-name=\"custom_html-3_1\" ><p>Services<\/p><\/div><div data-name=\"ff_cn_id_1\"  class='ff-t-container ff-column-container ff_columns_total_2'><div class='ff-t-cell ff-t-column-1' style='flex-basis: 50%;'><div class='ff-el-group'><div class='ff-el-input--content'><div class='ff-el-form-check ff-el-form-check-'><label class='ff-el-form-check-label' for=\"checkbox_a78ae3820d78ffcc360d17dbfd58449d\"><input  type=\"checkbox\" name=\"checkbox[]\" data-name=\"checkbox\" class=\"ff-el-form-check-input ff-el-form-check-checkbox\" value=\"Architekt\u016bra\"  id='checkbox_a78ae3820d78ffcc360d17dbfd58449d' aria-label='Architecture' aria-invalid='false' aria-required=\"false\"> <span>Architecture<\/span><\/label><\/div><div class='ff-el-form-check ff-el-form-check-'><label class='ff-el-form-check-label' for=\"checkbox_3e2547642759c4d43b6bb47d5829ff3c\"><input  type=\"checkbox\" name=\"checkbox[]\" data-name=\"checkbox\" class=\"ff-el-form-check-input ff-el-form-check-checkbox\" value=\"Konsultacija\"  id='checkbox_3e2547642759c4d43b6bb47d5829ff3c' aria-label='Consultation' aria-invalid='false' aria-required=\"false\"> <span>Consultation<\/span><\/label><\/div><\/div><\/div><\/div><div class='ff-t-cell ff-t-column-2' style='flex-basis: 50%;'><div class='ff-el-group'><div class='ff-el-input--content'><div class='ff-el-form-check ff-el-form-check-'><label class='ff-el-form-check-label' for=\"checkbox_1_796bed2d8b1c17e9ccad5f8b80a90877\"><input  type=\"checkbox\" name=\"checkbox_1[]\" data-name=\"checkbox_1\" class=\"ff-el-form-check-input ff-el-form-check-checkbox\" value=\"Interjero dizainas\"  id='checkbox_1_796bed2d8b1c17e9ccad5f8b80a90877' aria-label='Interior Design' aria-invalid='false' aria-required=\"false\"> <span>Interior Design<\/span><\/label><\/div><div class='ff-el-form-check ff-el-form-check-'><label class='ff-el-form-check-label' for=\"checkbox_1_744d5dcfc0e0d517d22289544f77c378\"><input  type=\"checkbox\" name=\"checkbox_1[]\" data-name=\"checkbox_1\" class=\"ff-el-form-check-input ff-el-form-check-checkbox\" value=\"Bendradarbiavimas\"  id='checkbox_1_744d5dcfc0e0d517d22289544f77c378' aria-label='Collaboration' aria-invalid='false' aria-required=\"false\"> <span>Collaboration<\/span><\/label><\/div><\/div><\/div><\/div><\/div><div class='ff-el-group ff-text-center ff_submit_btn_wrapper'><button type=\"submit\" class=\"ff-btn ff-btn-submit ff-btn-md ff_btn_style wpf_has_custom_css\" >Say hi<\/button><\/div><\/fieldset><input type=\"hidden\" name=\"trp-form-language\" value=\"en\"\/><\/form><div id='fluentform_3_errors' class='ff-errors-in-stack ff_form_instance_3_1 ff-form-loading_errors ff_form_instance_3_1_errors'><\/div><\/div>        <script type=\"text\/javascript\">\n            window.fluent_form_ff_form_instance_3_1 = {\"id\":\"3\",\"settings\":{\"layout\":{\"labelPlacement\":\"top\",\"helpMessagePlacement\":\"with_label\",\"errorMessagePlacement\":\"inline\",\"cssClassName\":\"\",\"asteriskPlacement\":\"asterisk-right\"},\"restrictions\":{\"denyEmptySubmission\":{\"enabled\":false}}},\"form_instance\":\"ff_form_instance_3_1\",\"form_id_selector\":\"fluentform_3\",\"rules\":{\"names[first_name]\":{\"required\":{\"value\":false,\"message\":\"This field is required\",\"global_message\":\"This field is required\",\"global\":true}},\"names[middle_name]\":{\"required\":{\"value\":false,\"message\":\"This field is required\",\"global_message\":\"This field is required\",\"global\":true}},\"names[last_name]\":{\"required\":{\"value\":false,\"message\":\"This field is required\",\"global_message\":\"This field is required\",\"global\":true}},\"email\":{\"required\":{\"value\":false,\"message\":\"This field is required\",\"global_message\":\"This field is required\",\"global\":true},\"email\":{\"value\":true,\"message\":\"This field must contain a valid email\",\"global_message\":\"This field must contain a valid email\",\"global\":true}},\"numeric-field\":{\"required\":{\"value\":false,\"message\":\"This field is required\",\"global_message\":\"This field is required\",\"global\":true},\"numeric\":{\"value\":true,\"message\":\"This field must contain numeric value\",\"global_message\":\"This field must contain numeric value\",\"global\":true},\"min\":{\"value\":\"\",\"message\":\"Validation fails for minimum value\",\"global_message\":\"Validation fails for minimum value\",\"global\":true},\"max\":{\"value\":\"\",\"message\":\"Validation fails for maximum value\",\"global_message\":\"Validation fails for maximum value\",\"global\":true},\"digits\":{\"value\":\"\",\"message\":\"Validation fails for limited digits\",\"global_message\":\"Validation fails for limited digits\",\"global\":true}},\"description\":{\"required\":{\"value\":false,\"message\":\"This field is required\",\"global_message\":\"This field is required\",\"global\":true}},\"checkbox\":{\"required\":{\"value\":false,\"message\":\"This field is required\",\"global_message\":\"This field is required\",\"global\":true}},\"checkbox_1\":{\"required\":{\"value\":false,\"message\":\"This field is required\",\"global_message\":\"This field is required\",\"global\":true}}}};\n                    <\/script>\n        <\/div>\n\t\t\t\t<\/div>\n\t\t\t\t<\/div>\n\t\t\t\t\t<\/div>\n\t\t\t\t<\/div>\n\t\t\t\t<\/div>\n\t\t\t\t<\/div>\n\t\t\t\t<\/div>","protected":false},"excerpt":{"rendered":"<p>Mums svarbi J\u016bs\u0173 vizija! Tikim\u0117s kartu sukurti ka\u017ek\u0105 \u012fsimintino. Susisiekime! hi@nytt.lt<\/p>","protected":false},"author":1,"featured_media":0,"parent":0,"menu_order":0,"comment_status":"closed","ping_status":"closed","template":"","meta":{"_acf_changed":false,"footnotes":""},"blocksy_meta":{"has_hero_section":"disabled","styles_descriptor":{"styles":{"desktop":"","tablet":"","mobile":""},"google_fonts":[],"version":6}},"acf":[],"yoast_head":"<!-- This site is optimized with the Yoast SEO plugin v22.6 - https:\/\/yoast.com\/wordpress\/plugins\/seo\/ -->\n<title>Susisiekti - Nyyt<\/title>\n<meta name=\"robots\" content=\"noindex, follow, max-snippet:-1, max-image-preview:large, max-video-preview:-1\" \/>\n<meta property=\"og:locale\" content=\"en_US\" \/>\n<meta property=\"og:type\" content=\"article\" \/>\n<meta property=\"og:title\" content=\"Susisiekti - Nyyt\" \/>\n<meta property=\"og:description\" content=\"Mums svarbi J\u016bs\u0173 vizija! Tikim\u0117s kartu sukurti ka\u017ek\u0105 \u012fsimintino. Susisiekime! hi@nytt.lt\" \/>\n<meta property=\"og:url\" content=\"https:\/\/darbine.nytt.lt\/en\/kontaktai\/\" \/>\n<meta property=\"og:site_name\" content=\"Nyyt\" \/>\n<meta property=\"article:publisher\" content=\"https:\/\/www.facebook.com\/nytt.architects\" \/>\n<meta property=\"article:modified_time\" content=\"2024-04-24T10:21:32+00:00\" \/>\n<meta name=\"twitter:card\" content=\"summary_large_image\" \/>\n<script type=\"application\/ld+json\" class=\"yoast-schema-graph\">{\"@context\":\"https:\/\/schema.org\",\"@graph\":[{\"@type\":\"WebPage\",\"@id\":\"https:\/\/darbine.nytt.lt\/kontaktai\/\",\"url\":\"https:\/\/darbine.nytt.lt\/kontaktai\/\",\"name\":\"Susisiekti - Nyyt\",\"isPartOf\":{\"@id\":\"https:\/\/darbine.nytt.lt\/#website\"},\"datePublished\":\"2024-02-24T16:49:44+00:00\",\"dateModified\":\"2024-04-24T10:21:32+00:00\",\"breadcrumb\":{\"@id\":\"https:\/\/darbine.nytt.lt\/kontaktai\/#breadcrumb\"},\"inLanguage\":\"en-US\",\"potentialAction\":[{\"@type\":\"ReadAction\",\"target\":[\"https:\/\/darbine.nytt.lt\/kontaktai\/\"]}]},{\"@type\":\"BreadcrumbList\",\"@id\":\"https:\/\/darbine.nytt.lt\/kontaktai\/#breadcrumb\",\"itemListElement\":[{\"@type\":\"ListItem\",\"position\":1,\"name\":\"Home\",\"item\":\"https:\/\/darbine.nytt.lt\/\"},{\"@type\":\"ListItem\",\"position\":2,\"name\":\"Susisiekti\"}]},{\"@type\":\"WebSite\",\"@id\":\"https:\/\/darbine.nytt.lt\/#website\",\"url\":\"https:\/\/darbine.nytt.lt\/\",\"name\":\"Nyyt\",\"description\":\"\",\"publisher\":{\"@id\":\"https:\/\/darbine.nytt.lt\/#organization\"},\"potentialAction\":[{\"@type\":\"SearchAction\",\"target\":{\"@type\":\"EntryPoint\",\"urlTemplate\":\"https:\/\/darbine.nytt.lt\/?s={search_term_string}\"},\"query-input\":\"required name=search_term_string\"}],\"inLanguage\":\"en-US\"},{\"@type\":\"Organization\",\"@id\":\"https:\/\/darbine.nytt.lt\/#organization\",\"name\":\"Nyyt\",\"url\":\"https:\/\/darbine.nytt.lt\/\",\"logo\":{\"@type\":\"ImageObject\",\"inLanguage\":\"en-US\",\"@id\":\"https:\/\/darbine.nytt.lt\/#\/schema\/logo\/image\/\",\"url\":\"https:\/\/darbine.nytt.lt\/wp-content\/uploads\/2024\/04\/NYTT-NAUJAS-emailai-1.svg\",\"contentUrl\":\"https:\/\/darbine.nytt.lt\/wp-content\/uploads\/2024\/04\/NYTT-NAUJAS-emailai-1.svg\",\"width\":91,\"height\":48,\"caption\":\"Nyyt\"},\"image\":{\"@id\":\"https:\/\/darbine.nytt.lt\/#\/schema\/logo\/image\/\"},\"sameAs\":[\"https:\/\/www.facebook.com\/nytt.architects\",\"https:\/\/www.linkedin.com\/company\/nytt-architects\/\",\"https:\/\/www.instagram.com\/nytt.architects\/\"]}]}<\/script>\n<!-- \/ Yoast SEO plugin. -->","yoast_head_json":{"title":"Susisiekti - Nyyt","robots":{"index":"noindex","follow":"follow","max-snippet":"max-snippet:-1","max-image-preview":"max-image-preview:large","max-video-preview":"max-video-preview:-1"},"og_locale":"en_US","og_type":"article","og_title":"Susisiekti - Nyyt","og_description":"Mums svarbi J\u016bs\u0173 vizija! Tikim\u0117s kartu sukurti ka\u017ek\u0105 \u012fsimintino. Susisiekime! hi@nytt.lt","og_url":"https:\/\/darbine.nytt.lt\/en\/kontaktai\/","og_site_name":"Nyyt","article_publisher":"https:\/\/www.facebook.com\/nytt.architects","article_modified_time":"2024-04-24T10:21:32+00:00","twitter_card":"summary_large_image","schema":{"@context":"https:\/\/schema.org","@graph":[{"@type":"WebPage","@id":"https:\/\/darbine.nytt.lt\/kontaktai\/","url":"https:\/\/darbine.nytt.lt\/kontaktai\/","name":"Susisiekti - Nyyt","isPartOf":{"@id":"https:\/\/darbine.nytt.lt\/#website"},"datePublished":"2024-02-24T16:49:44+00:00","dateModified":"2024-04-24T10:21:32+00:00","breadcrumb":{"@id":"https:\/\/darbine.nytt.lt\/kontaktai\/#breadcrumb"},"inLanguage":"en-US","potentialAction":[{"@type":"ReadAction","target":["https:\/\/darbine.nytt.lt\/kontaktai\/"]}]},{"@type":"BreadcrumbList","@id":"https:\/\/darbine.nytt.lt\/kontaktai\/#breadcrumb","itemListElement":[{"@type":"ListItem","position":1,"name":"Home","item":"https:\/\/darbine.nytt.lt\/"},{"@type":"ListItem","position":2,"name":"Susisiekti"}]},{"@type":"WebSite","@id":"https:\/\/darbine.nytt.lt\/#website","url":"https:\/\/darbine.nytt.lt\/","name":"Nyyt","description":"","publisher":{"@id":"https:\/\/darbine.nytt.lt\/#organization"},"potentialAction":[{"@type":"SearchAction","target":{"@type":"EntryPoint","urlTemplate":"https:\/\/darbine.nytt.lt\/?s={search_term_string}"},"query-input":"required name=search_term_string"}],"inLanguage":"en-US"},{"@type":"Organization","@id":"https:\/\/darbine.nytt.lt\/#organization","name":"Nyyt","url":"https:\/\/darbine.nytt.lt\/","logo":{"@type":"ImageObject","inLanguage":"en-US","@id":"https:\/\/darbine.nytt.lt\/#\/schema\/logo\/image\/","url":"https:\/\/darbine.nytt.lt\/wp-content\/uploads\/2024\/04\/NYTT-NAUJAS-emailai-1.svg","contentUrl":"https:\/\/darbine.nytt.lt\/wp-content\/uploads\/2024\/04\/NYTT-NAUJAS-emailai-1.svg","width":91,"height":48,"caption":"Nyyt"},"image":{"@id":"https:\/\/darbine.nytt.lt\/#\/schema\/logo\/image\/"},"sameAs":["https:\/\/www.facebook.com\/nytt.architects","https:\/\/www.linkedin.com\/company\/nytt-architects\/","https:\/\/www.instagram.com\/nytt.architects\/"]}]}},"_links":{"self":[{"href":"https:\/\/darbine.nytt.lt\/en\/wp-json\/wp\/v2\/pages\/53"}],"collection":[{"href":"https:\/\/darbine.nytt.lt\/en\/wp-json\/wp\/v2\/pages"}],"about":[{"href":"https:\/\/darbine.nytt.lt\/en\/wp-json\/wp\/v2\/types\/page"}],"author":[{"embeddable":true,"href":"https:\/\/darbine.nytt.lt\/en\/wp-json\/wp\/v2\/users\/1"}],"replies":[{"embeddable":true,"href":"https:\/\/darbine.nytt.lt\/en\/wp-json\/wp\/v2\/comments?post=53"}],"version-history":[{"count":64,"href":"https:\/\/darbine.nytt.lt\/en\/wp-json\/wp\/v2\/pages\/53\/revisions"}],"predecessor-version":[{"id":1669,"href":"https:\/\/darbine.nytt.lt\/en\/wp-json\/wp\/v2\/pages\/53\/revisions\/1669"}],"wp:attachment":[{"href":"https:\/\/darbine.nytt.lt\/en\/wp-json\/wp\/v2\/media?parent=53"}],"curies":[{"name":"wp","href":"https:\/\/api.w.org\/{rel}","templated":true}]}}